{"id":32,"date":"2019-12-08T18:26:51","date_gmt":"2019-12-08T17:26:51","guid":{"rendered":"http:\/\/lwgubep.cluster028.hosting.ovh.net\/?page_id=32"},"modified":"2020-05-24T17:38:12","modified_gmt":"2020-05-24T15:38:12","slug":"biographie","status":"publish","type":"page","link":"https:\/\/art-gareevaolga.com\/index.php\/biographie\/","title":{"rendered":"Biographie"},"content":{"rendered":"<p style=\"color: black; font-size: 40px; font-family: Luminari, fantasy; font-style: italic;\">Olga Gareeva<\/p>\n<p style=\"color: black; font-size: 15px; font-family: Luminari, fantasy; font-style: italic;\">est n\u00e9e \u00e0 Oufa (Russie)<\/p>\n<p style=\"color: black; font-size: 15px; font-family: Luminari, fantasy; font-style: italic;\">Elle a fait ses \u00e9tudes \u00e0 l&rsquo;\u00e9cole acad\u00e9mique de Beaux Arts en Russie.Depuis 2001 elle partage sa vie entre Bruxelles,Amsterdam et le sud de la France.<\/p>\n<p style=\"color: black; font-size: 15px; font-family: Luminari, fantasy; font-style: italic;\">\u00a0\u00bb &#8230; c&rsquo;est difficile de d\u00e9finir dans quel style je travaille. \u00c9videmment mes peintures sont marqu\u00e9es par le r\u00e9alisme de l&rsquo;\u00e9cole acad\u00e9mique russe en ajoutant la touche personnelle de ma vision du monde et de mes \u00e9motions.<\/p>\n<p style=\"color: black; font-size: 15px; font-family: Luminari, fantasy; font-style: italic;\">J&rsquo;adore jouer avec les couleurs, avec la technique de le mettre sur la toile, avec des formes et les nuances de la lumi\u00e8re et de l&rsquo;obscurit\u00e9. Le r\u00e9sultat parfois est \u00e9tonnant mais il repr\u00e9sente de la meilleure fa\u00e7on ma personnalit\u00e9, mon \u00e9tat d&rsquo;\u00e2me et ce que je ressentais en ce moment &#8230; \u00ab\u00a0<\/p>\n\n","protected":false},"excerpt":{"rendered":"<p>Olga Gareeva est n\u00e9e \u00e0 Oufa (Russie) Elle a fait ses \u00e9tudes \u00e0 l&rsquo;\u00e9cole acad\u00e9mique de Beaux Arts en Russie.Depuis 2001 elle partage sa vie entre Bruxelles,Amsterdam et le sud de la France. \u00a0\u00bb &#8230; c&rsquo;est difficile de d\u00e9finir dans <a class=\"more-link\" href=\"https:\/\/art-gareevaolga.com\/index.php\/biographie\/\">Lire plus\u00a0\u2026<\/a><\/p>\n","protected":false},"author":1,"featured_media":0,"parent":0,"menu_order":0,"comment_status":"closed","ping_status":"closed","template":"","meta":[],"_links":{"self":[{"href":"https:\/\/art-gareevaolga.com\/index.php\/wp-json\/wp\/v2\/pages\/32"}],"collection":[{"href":"https:\/\/art-gareevaolga.com\/index.php\/wp-json\/wp\/v2\/pages"}],"about":[{"href":"https:\/\/art-gareevaolga.com\/index.php\/wp-json\/wp\/v2\/types\/page"}],"author":[{"embeddable":true,"href":"https:\/\/art-gareevaolga.com\/index.php\/wp-json\/wp\/v2\/users\/1"}],"replies":[{"embeddable":true,"href":"https:\/\/art-gareevaolga.com\/index.php\/wp-json\/wp\/v2\/comments?post=32"}],"version-history":[{"count":21,"href":"https:\/\/art-gareevaolga.com\/index.php\/wp-json\/wp\/v2\/pages\/32\/revisions"}],"predecessor-version":[{"id":329,"href":"https:\/\/art-gareevaolga.com\/index.php\/wp-json\/wp\/v2\/pages\/32\/revisions\/329"}],"wp:attachment":[{"href":"https:\/\/art-gareevaolga.com\/index.php\/wp-json\/wp\/v2\/media?parent=32"}],"curies":[{"name":"wp","href":"https:\/\/api.w.org\/{rel}","templated":true}]}}